{"id":4261,"date":"2021-01-19T10:14:39","date_gmt":"2021-01-19T10:14:39","guid":{"rendered":"https:\/\/www.socomecspa.com\/qui-sommes-nous\/"},"modified":"2021-03-15T10:55:25","modified_gmt":"2021-03-15T10:55:25","slug":"entreprise-production-marteaux-demolisseurs","status":"publish","type":"page","link":"https:\/\/www.socomecspa.com\/fr\/entreprise-production-marteaux-demolisseurs\/","title":{"rendered":"Qui sommes nous"},"content":{"rendered":"\t\t<div data-elementor-type=\"wp-page\" data-elementor-id=\"4261\" class=\"elementor elementor-4261\" data-elementor-post-type=\"page\">\n\t\t\t\t\t\t<section class=\"elementor-section elementor-top-section elementor-element elementor-element-fc59cfb elementor-section-boxed elementor-section-height-default elementor-section-height-default\" data-id=\"fc59cfb\" data-element_type=\"section\" data-e-type=\"section\">\n\t\t\t\t\t\t<div class=\"elementor-container elementor-column-gap-default\">\n\t\t\t\t\t<div class=\"elementor-column elementor-col-50 elementor-top-column elementor-element elementor-element-e83b1ee\" data-id=\"e83b1ee\" data-element_type=\"column\" data-e-type=\"column\" data-settings=\"{&quot;background_background&quot;:&quot;classic&quot;}\">\n\t\t\t<div class=\"elementor-widget-wrap elementor-element-populated\">\n\t\t\t\t\t\t<div class=\"elementor-element elementor-element-a5dd6f3 elementor-widget elementor-widget-spacer\" data-id=\"a5dd6f3\" data-element_type=\"widget\" data-e-type=\"widget\" data-widget_type=\"spacer.default\">\n\t\t\t\t<div class=\"elementor-widget-container\">\n\t\t\t\t\t\t\t<div class=\"elementor-spacer\">\n\t\t\t<div class=\"elementor-spacer-inner\"><\/div>\n\t\t<\/div>\n\t\t\t\t\t\t<\/div>\n\t\t\t\t<\/div>\n\t\t\t\t\t<\/div>\n\t\t<\/div>\n\t\t\t\t<div class=\"elementor-column elementor-col-50 elementor-top-column elementor-element elementor-element-5b8a457\" data-id=\"5b8a457\" data-element_type=\"column\" data-e-type=\"column\">\n\t\t\t<div class=\"elementor-widget-wrap elementor-element-populated\">\n\t\t\t\t\t\t<div class=\"elementor-element elementor-element-79a2bbb elementor-widget elementor-widget-heading\" data-id=\"79a2bbb\" data-element_type=\"widget\" data-e-type=\"widget\" data-widget_type=\"heading.default\">\n\t\t\t\t<div class=\"elementor-widget-container\">\n\t\t\t\t\t<h1 class=\"elementor-heading-title elementor-size-default\">Nos Brise-roches hydrauliques. Une histoire de 50 ans<\/h1>\t\t\t\t<\/div>\n\t\t\t\t<\/div>\n\t\t\t\t<div class=\"elementor-element elementor-element-d4b835e elementor-widget elementor-widget-heading\" data-id=\"d4b835e\" data-element_type=\"widget\" data-e-type=\"widget\" data-widget_type=\"heading.default\">\n\t\t\t\t<div class=\"elementor-widget-container\">\n\t\t\t\t\t<h5 class=\"elementor-heading-title elementor-size-default\">Socomec S.p.A. a \u00e9t\u00e9 fond\u00e9e en 1972 et a \u00e9t\u00e9 la premi\u00e8re entreprise en Italie \u00e0 fabriquer des marteaux hydrauliques.<\/h5>\t\t\t\t<\/div>\n\t\t\t\t<\/div>\n\t\t\t\t<div class=\"elementor-element elementor-element-a89e6c7 elementor-widget elementor-widget-text-editor\" data-id=\"a89e6c7\" data-element_type=\"widget\" data-e-type=\"widget\" data-widget_type=\"text-editor.default\">\n\t\t\t\t<div class=\"elementor-widget-container\">\n\t\t\t\t\t\t\t\t\t<p>Nous sommes n\u00e9s en tant que fabricants de brise-roches, mais pendant toutes ces ann\u00e9es de travail et d&rsquo;\u00e9tudes, nous nous sommes sp\u00e9cialis\u00e9s dans la fourniture \u00e0 nos clients de tous les accessoires pour la d\u00e9molition \u00e0 360\u00b0 : pinces, broyeurs, grappins de s\u00e9lection, plaques vibrantes et une grande nouveaut\u00e9 pour le monde de la d\u00e9molition, le Ripper Vibrant.<br \/>Au cours de ces presque cinquante ann\u00e9es d&rsquo;activit\u00e9, nous avons toujours d\u00e9velopp\u00e9 notre technologie en mati\u00e8re de marteaux de d\u00e9molition avec des innovations et des brevets significatifs. En 1997, premi\u00e8re sur le march\u00e9, nous avons produit le marteau en une seule pi\u00e8ce, un corps monobloc unique obtenu \u00e0 partir d&rsquo;une barre d&rsquo;acier forg\u00e9, cr\u00e9ant ainsi une gamme de huit marteaux monoblocs de 50 \u00e0 740 kg qui est imm\u00e9diatement devenue notre grande force et notre marque distinctive sur le march\u00e9.<\/p>\n\t\t\t\t\t\t\t\t<\/div>\n\t\t\t\t<\/div>\n\t\t\t\t\t<\/div>\n\t\t<\/div>\n\t\t\t\t\t<\/div>\n\t\t<\/section>\n\t\t\t\t<section class=\"elementor-section elementor-top-section elementor-element elementor-element-fee7ffe elementor-section-stretched elementor-section-boxed elementor-section-height-default elementor-section-height-default\" data-id=\"fee7ffe\" data-element_type=\"section\" data-e-type=\"section\" data-settings=\"{&quot;stretch_section&quot;:&quot;section-stretched&quot;,&quot;background_background&quot;:&quot;classic&quot;}\">\n\t\t\t\t\t\t<div class=\"elementor-container elementor-column-gap-default\">\n\t\t\t\t\t<div class=\"elementor-column elementor-col-50 elementor-top-column elementor-element elementor-element-a74624e\" data-id=\"a74624e\" data-element_type=\"column\" data-e-type=\"column\">\n\t\t\t<div class=\"elementor-widget-wrap elementor-element-populated\">\n\t\t\t\t\t\t<div class=\"elementor-element elementor-element-805d645 elementor-widget elementor-widget-heading\" data-id=\"805d645\" data-element_type=\"widget\" data-e-type=\"widget\" data-widget_type=\"heading.default\">\n\t\t\t\t<div class=\"elementor-widget-container\">\n\t\t\t\t\t<h2 class=\"elementor-heading-title elementor-size-default\">Marteaux et Rippers<\/h2>\t\t\t\t<\/div>\n\t\t\t\t<\/div>\n\t\t\t\t<div class=\"elementor-element elementor-element-5019c8e elementor-widget elementor-widget-heading\" data-id=\"5019c8e\" data-element_type=\"widget\" data-e-type=\"widget\" data-widget_type=\"heading.default\">\n\t\t\t\t<div class=\"elementor-widget-container\">\n\t\t\t\t\t<h5 class=\"elementor-heading-title elementor-size-default\">Mais Socomec ne s'est pas content\u00e9 de cela.\nDevant le grand succ\u00e8s du monobloc, Socomec a d\u00e9cid\u00e9 d'\u00e9tendre sa gamme.<\/h5>\t\t\t\t<\/div>\n\t\t\t\t<\/div>\n\t\t\t\t<div class=\"elementor-element elementor-element-9f7d729 elementor-widget elementor-widget-text-editor\" data-id=\"9f7d729\" data-element_type=\"widget\" data-e-type=\"widget\" data-widget_type=\"text-editor.default\">\n\t\t\t\t<div class=\"elementor-widget-container\">\n\t\t\t\t\t\t\t\t\t<p>Aujourd&rsquo;hui, en surmontant, gr\u00e2ce \u00e0 l&rsquo;achat de machines sp\u00e9ciales, les probl\u00e8mes li\u00e9s \u00e0 l&rsquo;usinage de grands monoblocs, Socomec, toujours la premi\u00e8re sur le march\u00e9, est en mesure de fournir des marteaux monoblocs fabriqu\u00e9s \u00e0 partir de barres forg\u00e9es jusqu&rsquo;\u00e0 un poids de 3000 kg et bient\u00f4t jusqu&rsquo;\u00e0 4000 kg.<br \/>Parall\u00e8lement \u00e0 la technologie des marteaux, Socomec a \u00e9galement d\u00e9velopp\u00e9 ces derni\u00e8res ann\u00e9es la technologie des Rippers Vibrants, une fois de plus le premier et jusqu&rsquo;\u00e0 pr\u00e9sent le seul fabricant italien. Le Ripper Vibrant, contrairement aux brise-roches qui cassent en battant, casse par vibration. Quels sont les avantages, beaucoup moins bruyants, et le fait de pouvoir \u00e9galement tirer, sur des terrains adapt\u00e9s ou peu durs, voire durs mais fissur\u00e9s, multiplie par trois ou par quatre la production d&rsquo;un marteau de m\u00eame cat\u00e9gorie.<\/p>\n\t\t\t\t\t\t\t\t<\/div>\n\t\t\t\t<\/div>\n\t\t\t\t\t<\/div>\n\t\t<\/div>\n\t\t\t\t<div class=\"elementor-column elementor-col-50 elementor-top-column elementor-element elementor-element-da59abe\" data-id=\"da59abe\" data-element_type=\"column\" data-e-type=\"column\" data-settings=\"{&quot;background_background&quot;:&quot;classic&quot;}\">\n\t\t\t<div class=\"elementor-widget-wrap elementor-element-populated\">\n\t\t\t\t\t\t<div class=\"elementor-element elementor-element-a729c29 elementor-widget elementor-widget-spacer\" data-id=\"a729c29\" data-element_type=\"widget\" data-e-type=\"widget\" data-widget_type=\"spacer.default\">\n\t\t\t\t<div class=\"elementor-widget-container\">\n\t\t\t\t\t\t\t<div class=\"elementor-spacer\">\n\t\t\t<div class=\"elementor-spacer-inner\"><\/div>\n\t\t<\/div>\n\t\t\t\t\t\t<\/div>\n\t\t\t\t<\/div>\n\t\t\t\t\t<\/div>\n\t\t<\/div>\n\t\t\t\t\t<\/div>\n\t\t<\/section>\n\t\t\t\t<section class=\"elementor-section elementor-top-section elementor-element elementor-element-7979a79 elementor-section-boxed elementor-section-height-default elementor-section-height-default\" data-id=\"7979a79\" data-element_type=\"section\" data-e-type=\"section\">\n\t\t\t\t\t\t<div class=\"elementor-container elementor-column-gap-default\">\n\t\t\t\t\t<div class=\"elementor-column elementor-col-50 elementor-top-column elementor-element elementor-element-c43150f\" data-id=\"c43150f\" data-element_type=\"column\" data-e-type=\"column\" data-settings=\"{&quot;background_background&quot;:&quot;classic&quot;}\">\n\t\t\t<div class=\"elementor-widget-wrap elementor-element-populated\">\n\t\t\t\t\t\t<div class=\"elementor-element elementor-element-ebdd1fb elementor-widget elementor-widget-spacer\" data-id=\"ebdd1fb\" data-element_type=\"widget\" data-e-type=\"widget\" data-widget_type=\"spacer.default\">\n\t\t\t\t<div class=\"elementor-widget-container\">\n\t\t\t\t\t\t\t<div class=\"elementor-spacer\">\n\t\t\t<div class=\"elementor-spacer-inner\"><\/div>\n\t\t<\/div>\n\t\t\t\t\t\t<\/div>\n\t\t\t\t<\/div>\n\t\t\t\t\t<\/div>\n\t\t<\/div>\n\t\t\t\t<div class=\"elementor-column elementor-col-50 elementor-top-column elementor-element elementor-element-01c6704\" data-id=\"01c6704\" data-element_type=\"column\" data-e-type=\"column\">\n\t\t\t<div class=\"elementor-widget-wrap elementor-element-populated\">\n\t\t\t\t\t\t<div class=\"elementor-element elementor-element-0ea2496 elementor-widget elementor-widget-heading\" data-id=\"0ea2496\" data-element_type=\"widget\" data-e-type=\"widget\" data-widget_type=\"heading.default\">\n\t\t\t\t<div class=\"elementor-widget-container\">\n\t\t\t\t\t<h2 class=\"elementor-heading-title elementor-size-default\">Une maintenance facile<\/h2>\t\t\t\t<\/div>\n\t\t\t\t<\/div>\n\t\t\t\t<div class=\"elementor-element elementor-element-54740ab elementor-widget elementor-widget-heading\" data-id=\"54740ab\" data-element_type=\"widget\" data-e-type=\"widget\" data-widget_type=\"heading.default\">\n\t\t\t\t<div class=\"elementor-widget-container\">\n\t\t\t\t\t<h5 class=\"elementor-heading-title elementor-size-default\">Pour pr\u00e9senter Socomec, nous pr\u00e9sentons notre travail, qui a toujours \u00e9t\u00e9 au service des\nbesoins du client.<\/h5>\t\t\t\t<\/div>\n\t\t\t\t<\/div>\n\t\t\t\t<div class=\"elementor-element elementor-element-cd4c832 elementor-widget elementor-widget-text-editor\" data-id=\"cd4c832\" data-element_type=\"widget\" data-e-type=\"widget\" data-widget_type=\"text-editor.default\">\n\t\t\t\t<div class=\"elementor-widget-container\">\n\t\t\t\t\t\t\t\t\t<p>Les brise-roches et les rippers de Socomec ont \u00e9t\u00e9 construits avec le m\u00eame objectif : donner de la fiabilit\u00e9, de la solidit\u00e9 et de la s\u00e9curit\u00e9 \u00e0 ceux qui les utilisent et faciliter les travaux de maintenance. Avec les marteaux monoblocs, l&rsquo;entretien est en fait tr\u00e8s simple et rapide. Le d\u00e9montage et le remontage, m\u00eame pour les non-experts, prend au maximum deux heures pour les petits marteaux et un peu plus pour les grands. Le m\u00eame principe s&rsquo;applique au le Ripper : toute la partie hydraulique est visible, il suffit de retirer quatre boulons.<br \/>Chaque produit Socomec peut fonctionner dans toutes les positions, frontale, vers le haut, suspendue et m\u00eame sous l&rsquo;eau.<\/p>\n\t\t\t\t\t\t\t\t<\/div>\n\t\t\t\t<\/div>\n\t\t\t\t\t<\/div>\n\t\t<\/div>\n\t\t\t\t\t<\/div>\n\t\t<\/section>\n\t\t\t\t<\/div>\n\t\t","protected":false},"excerpt":{"rendered":"<p>Nos Brise-roches hydrauliques. Une histoire de 50 ans Socomec S.p.A. a \u00e9t\u00e9 fond\u00e9e en 1972 et a \u00e9t\u00e9 la premi\u00e8re entreprise en Italie \u00e0 fabriquer des marteaux hydrauliques. Nous sommes n\u00e9s en tant que fabricants de brise-roches, mais pendant toutes ces ann\u00e9es de travail et d&rsquo;\u00e9tudes, nous nous sommes sp\u00e9cialis\u00e9s dans la fourniture \u00e0 nos [&hellip;]<\/p>\n","protected":false},"author":6,"featured_media":0,"parent":0,"menu_order":0,"comment_status":"closed","ping_status":"closed","template":"","meta":{"_acf_changed":false,"footnotes":""},"class_list":["post-4261","page","type-page","status-publish","hentry"],"acf":[],"yoast_head":"<!-- This site is optimized with the Yoast SEO plugin v27.2 - https:\/\/yoast.com\/product\/yoast-seo-wordpress\/ -->\n<title>Fabricant de brise-roche | Socomec<\/title>\n<meta name=\"description\" content=\"Socomec est un fabricant d&#039;outils de d\u00e9molition et est le leader mondial des marteaux monoblocs sans tirants.\" \/>\n<meta name=\"robots\" content=\"index, follow, max-snippet:-1, max-image-preview:large, max-video-preview:-1\" \/>\n<link rel=\"canonical\" href=\"https:\/\/www.socomecspa.com\/fr\/entreprise-production-marteaux-demolisseurs\/\" \/>\n<meta property=\"og:locale\" content=\"fr_FR\" \/>\n<meta property=\"og:type\" content=\"article\" \/>\n<meta property=\"og:title\" content=\"Fabricant de brise-roche | Socomec\" \/>\n<meta property=\"og:description\" content=\"Socomec est un fabricant d&#039;outils de d\u00e9molition et est le leader mondial des marteaux monoblocs sans tirants.\" \/>\n<meta property=\"og:url\" content=\"https:\/\/www.socomecspa.com\/fr\/entreprise-production-marteaux-demolisseurs\/\" \/>\n<meta property=\"og:site_name\" content=\"Socomec\" \/>\n<meta property=\"article:modified_time\" content=\"2021-03-15T10:55:25+00:00\" \/>\n<meta name=\"twitter:card\" content=\"summary_large_image\" \/>\n<meta name=\"twitter:label1\" content=\"Dur\u00e9e de lecture estim\u00e9e\" \/>\n\t<meta name=\"twitter:data1\" content=\"2 minutes\" \/>\n<script type=\"application\/ld+json\" class=\"yoast-schema-graph\">{\"@context\":\"https:\/\/schema.org\",\"@graph\":[{\"@type\":\"WebPage\",\"@id\":\"https:\/\/www.socomecspa.com\/fr\/entreprise-production-marteaux-demolisseurs\/\",\"url\":\"https:\/\/www.socomecspa.com\/fr\/entreprise-production-marteaux-demolisseurs\/\",\"name\":\"Fabricant de brise-roche | Socomec\",\"isPartOf\":{\"@id\":\"https:\/\/www.socomecspa.com\/fr\/#website\"},\"datePublished\":\"2021-01-19T10:14:39+00:00\",\"dateModified\":\"2021-03-15T10:55:25+00:00\",\"description\":\"Socomec est un fabricant d'outils de d\u00e9molition et est le leader mondial des marteaux monoblocs sans tirants.\",\"breadcrumb\":{\"@id\":\"https:\/\/www.socomecspa.com\/fr\/entreprise-production-marteaux-demolisseurs\/#breadcrumb\"},\"inLanguage\":\"fr-FR\",\"potentialAction\":[{\"@type\":\"ReadAction\",\"target\":[\"https:\/\/www.socomecspa.com\/fr\/entreprise-production-marteaux-demolisseurs\/\"]}]},{\"@type\":\"BreadcrumbList\",\"@id\":\"https:\/\/www.socomecspa.com\/fr\/entreprise-production-marteaux-demolisseurs\/#breadcrumb\",\"itemListElement\":[{\"@type\":\"ListItem\",\"position\":1,\"name\":\"Home\",\"item\":\"https:\/\/www.socomecspa.com\/fr\/home\/\"},{\"@type\":\"ListItem\",\"position\":2,\"name\":\"Qui sommes nous\"}]},{\"@type\":\"WebSite\",\"@id\":\"https:\/\/www.socomecspa.com\/fr\/#website\",\"url\":\"https:\/\/www.socomecspa.com\/fr\/\",\"name\":\"Socomec\",\"description\":\"\",\"publisher\":{\"@id\":\"https:\/\/www.socomecspa.com\/fr\/#organization\"},\"potentialAction\":[{\"@type\":\"SearchAction\",\"target\":{\"@type\":\"EntryPoint\",\"urlTemplate\":\"https:\/\/www.socomecspa.com\/fr\/?s={search_term_string}\"},\"query-input\":{\"@type\":\"PropertyValueSpecification\",\"valueRequired\":true,\"valueName\":\"search_term_string\"}}],\"inLanguage\":\"fr-FR\"},{\"@type\":\"Organization\",\"@id\":\"https:\/\/www.socomecspa.com\/fr\/#organization\",\"name\":\"Socomec\",\"url\":\"https:\/\/www.socomecspa.com\/fr\/\",\"logo\":{\"@type\":\"ImageObject\",\"inLanguage\":\"fr-FR\",\"@id\":\"https:\/\/www.socomecspa.com\/fr\/#\/schema\/logo\/image\/\",\"url\":\"https:\/\/www.socomecspa.com\/wp-content\/uploads\/2020\/10\/socomec-logo.png\",\"contentUrl\":\"https:\/\/www.socomecspa.com\/wp-content\/uploads\/2020\/10\/socomec-logo.png\",\"width\":200,\"height\":114,\"caption\":\"Socomec\"},\"image\":{\"@id\":\"https:\/\/www.socomecspa.com\/fr\/#\/schema\/logo\/image\/\"}}]}<\/script>\n<!-- \/ Yoast SEO plugin. -->","yoast_head_json":{"title":"Fabricant de brise-roche | Socomec","description":"Socomec est un fabricant d'outils de d\u00e9molition et est le leader mondial des marteaux monoblocs sans tirants.","robots":{"index":"index","follow":"follow","max-snippet":"max-snippet:-1","max-image-preview":"max-image-preview:large","max-video-preview":"max-video-preview:-1"},"canonical":"https:\/\/www.socomecspa.com\/fr\/entreprise-production-marteaux-demolisseurs\/","og_locale":"fr_FR","og_type":"article","og_title":"Fabricant de brise-roche | Socomec","og_description":"Socomec est un fabricant d'outils de d\u00e9molition et est le leader mondial des marteaux monoblocs sans tirants.","og_url":"https:\/\/www.socomecspa.com\/fr\/entreprise-production-marteaux-demolisseurs\/","og_site_name":"Socomec","article_modified_time":"2021-03-15T10:55:25+00:00","twitter_card":"summary_large_image","twitter_misc":{"Dur\u00e9e de lecture estim\u00e9e":"2 minutes"},"schema":{"@context":"https:\/\/schema.org","@graph":[{"@type":"WebPage","@id":"https:\/\/www.socomecspa.com\/fr\/entreprise-production-marteaux-demolisseurs\/","url":"https:\/\/www.socomecspa.com\/fr\/entreprise-production-marteaux-demolisseurs\/","name":"Fabricant de brise-roche | Socomec","isPartOf":{"@id":"https:\/\/www.socomecspa.com\/fr\/#website"},"datePublished":"2021-01-19T10:14:39+00:00","dateModified":"2021-03-15T10:55:25+00:00","description":"Socomec est un fabricant d'outils de d\u00e9molition et est le leader mondial des marteaux monoblocs sans tirants.","breadcrumb":{"@id":"https:\/\/www.socomecspa.com\/fr\/entreprise-production-marteaux-demolisseurs\/#breadcrumb"},"inLanguage":"fr-FR","potentialAction":[{"@type":"ReadAction","target":["https:\/\/www.socomecspa.com\/fr\/entreprise-production-marteaux-demolisseurs\/"]}]},{"@type":"BreadcrumbList","@id":"https:\/\/www.socomecspa.com\/fr\/entreprise-production-marteaux-demolisseurs\/#breadcrumb","itemListElement":[{"@type":"ListItem","position":1,"name":"Home","item":"https:\/\/www.socomecspa.com\/fr\/home\/"},{"@type":"ListItem","position":2,"name":"Qui sommes nous"}]},{"@type":"WebSite","@id":"https:\/\/www.socomecspa.com\/fr\/#website","url":"https:\/\/www.socomecspa.com\/fr\/","name":"Socomec","description":"","publisher":{"@id":"https:\/\/www.socomecspa.com\/fr\/#organization"},"potentialAction":[{"@type":"SearchAction","target":{"@type":"EntryPoint","urlTemplate":"https:\/\/www.socomecspa.com\/fr\/?s={search_term_string}"},"query-input":{"@type":"PropertyValueSpecification","valueRequired":true,"valueName":"search_term_string"}}],"inLanguage":"fr-FR"},{"@type":"Organization","@id":"https:\/\/www.socomecspa.com\/fr\/#organization","name":"Socomec","url":"https:\/\/www.socomecspa.com\/fr\/","logo":{"@type":"ImageObject","inLanguage":"fr-FR","@id":"https:\/\/www.socomecspa.com\/fr\/#\/schema\/logo\/image\/","url":"https:\/\/www.socomecspa.com\/wp-content\/uploads\/2020\/10\/socomec-logo.png","contentUrl":"https:\/\/www.socomecspa.com\/wp-content\/uploads\/2020\/10\/socomec-logo.png","width":200,"height":114,"caption":"Socomec"},"image":{"@id":"https:\/\/www.socomecspa.com\/fr\/#\/schema\/logo\/image\/"}}]}},"_links":{"self":[{"href":"https:\/\/www.socomecspa.com\/fr\/wp-json\/wp\/v2\/pages\/4261","targetHints":{"allow":["GET"]}}],"collection":[{"href":"https:\/\/www.socomecspa.com\/fr\/wp-json\/wp\/v2\/pages"}],"about":[{"href":"https:\/\/www.socomecspa.com\/fr\/wp-json\/wp\/v2\/types\/page"}],"author":[{"embeddable":true,"href":"https:\/\/www.socomecspa.com\/fr\/wp-json\/wp\/v2\/users\/6"}],"replies":[{"embeddable":true,"href":"https:\/\/www.socomecspa.com\/fr\/wp-json\/wp\/v2\/comments?post=4261"}],"version-history":[{"count":0,"href":"https:\/\/www.socomecspa.com\/fr\/wp-json\/wp\/v2\/pages\/4261\/revisions"}],"wp:attachment":[{"href":"https:\/\/www.socomecspa.com\/fr\/wp-json\/wp\/v2\/media?parent=4261"}],"curies":[{"name":"wp","href":"https:\/\/api.w.org\/{rel}","templated":true}]}}