{"id":4253,"date":"2021-03-08T09:47:36","date_gmt":"2021-03-08T09:47:36","guid":{"rendered":"https:\/\/www.socomecspa.com\/politique-en-matiere-de-cookies\/"},"modified":"2021-03-15T10:25:43","modified_gmt":"2021-03-15T10:25:43","slug":"politique-en-matiere-de-cookies","status":"publish","type":"page","link":"https:\/\/www.socomecspa.com\/fr\/politique-en-matiere-de-cookies\/","title":{"rendered":"Politique en mati\u00e8re de cookies"},"content":{"rendered":"\t\t<div data-elementor-type=\"wp-page\" data-elementor-id=\"4253\" class=\"elementor elementor-4253\" data-elementor-post-type=\"page\">\n\t\t\t\t\t\t<section class=\"elementor-section elementor-top-section elementor-element elementor-element-13d7e03 elementor-section-boxed elementor-section-height-default elementor-section-height-default\" data-id=\"13d7e03\" data-element_type=\"section\" data-e-type=\"section\">\n\t\t\t\t\t\t<div class=\"elementor-container elementor-column-gap-default\">\n\t\t\t\t\t<div class=\"elementor-column elementor-col-100 elementor-top-column elementor-element elementor-element-537df39\" data-id=\"537df39\" data-element_type=\"column\" data-e-type=\"column\">\n\t\t\t<div class=\"elementor-widget-wrap elementor-element-populated\">\n\t\t\t\t\t\t<div class=\"elementor-element elementor-element-249b83c elementor-widget elementor-widget-heading\" data-id=\"249b83c\" data-element_type=\"widget\" data-e-type=\"widget\" data-widget_type=\"heading.default\">\n\t\t\t\t<div class=\"elementor-widget-container\">\n\t\t\t\t\t<h1 class=\"elementor-heading-title elementor-size-default\">POLITIQUE EN MATI\u00c8RE DE COOKIES<\/h1>\t\t\t\t<\/div>\n\t\t\t\t<\/div>\n\t\t\t\t<div class=\"elementor-element elementor-element-93c2efa elementor-widget elementor-widget-text-editor\" data-id=\"93c2efa\" data-element_type=\"widget\" data-e-type=\"widget\" data-widget_type=\"text-editor.default\">\n\t\t\t\t<div class=\"elementor-widget-container\">\n\t\t\t\t\t\t\t\t\t<p><strong>Politique en mati\u00e8re de cookies<\/strong><\/p>\n<p>La pr\u00e9sente \u00ab\u00a0Politique en mati\u00e8re de cookies\u00a0\u00bb vise \u00e0 d\u00e9crire la mani\u00e8re dont le site est g\u00e9r\u00e9 en ce qui concerne l&rsquo;utilisation des cookies et le traitement connexe des donn\u00e9es \u00e0 caract\u00e8re personnel des utilisateurs qui le consultent.<\/p>\n<p>Les cookies sont de petits \u00e9l\u00e9ments de donn\u00e9es qui nous permettent de comparer les nouveaux et les anciens visiteurs et de comprendre comment les utilisateurs naviguent sur notre site.<\/p>\n<p>Sur la base des objectifs poursuivis par ceux qui les utilisent, nous identifions donc deux macro-cat\u00e9gories : les cookies \u00a0\u00bb techniques \u00a0\u00bb et les cookies \u00a0\u00bb de profilage \u00ab\u00a0.<\/p>\n<p>En fonction du sujet qui installe des cookies sur le terminal de l&rsquo;utilisateur, on distingue l&rsquo;exploitant du site que l&rsquo;utilisateur visite (\u00a0\u00bb \u00e9diteur \u00ab\u00a0) et les autres sujets qui installent des cookies par l&rsquo;interm\u00e9diaire du premier (\u00a0\u00bb tiers \u00ab\u00a0).<\/p>\n<p><strong>Cookies techniques<\/strong><\/p>\n<p>Il s&rsquo;agit de celles qui sont utilis\u00e9es dans le seul but d&rsquo;effectuer la transmission d&rsquo;une communication sur un r\u00e9seau de communication \u00e9lectronique, ou dans la mesure strictement n\u00e9cessaire au fournisseur d&rsquo;un service de la soci\u00e9t\u00e9 de l&rsquo;information explicitement sollicit\u00e9 par l&rsquo;abonn\u00e9 ou l&rsquo;utilisateur pour fournir ce service.<\/p>\n<p>Les cookies techniques peuvent \u00eatre divis\u00e9s en deux cat\u00e9gories :<\/p>\n<ul>\n<li class=\"firstItem\">les cookies de navigation ou de session, qui assurent une navigation et une utilisation normales du site web (permettant, par exemple, d&rsquo;effectuer un achat ou de s&rsquo;authentifier pour acc\u00e9der \u00e0 des zones restreintes) ;<\/li>\n<li>les cookies analytiques, assimil\u00e9s aux cookies techniques lorsqu&rsquo;ils sont utilis\u00e9s directement par le gestionnaire du site pour collecter des informations, sous forme agr\u00e9g\u00e9e, sur le nombre d&rsquo;utilisateurs et la fa\u00e7on dont ils visitent le site ;<\/li>\n<li class=\"lastItem\">les cookies de fonctionnalit\u00e9, qui permettent \u00e0 l&rsquo;utilisateur de naviguer selon une s\u00e9rie de crit\u00e8res s\u00e9lectionn\u00e9s (par exemple, la langue, les produits s\u00e9lectionn\u00e9s pour l&rsquo;achat) afin d&rsquo;am\u00e9liorer le service fourni \u00e0 ce dernier.<\/li>\n<\/ul>\n<p>Ces cookies ne sont pas utilis\u00e9s \u00e0 d&rsquo;autres fins et sont normalement install\u00e9s par le propri\u00e9taire ou le gestionnaire du site web.<\/p>\n<p><strong>Cookies de profilage<\/strong><\/p>\n<p>Celles-ci sont destin\u00e9es \u00e0 cr\u00e9er des profils de l&rsquo;utilisateur et sont utilis\u00e9es pour envoyer des messages publicitaires en fonction des pr\u00e9f\u00e9rences d\u00e9j\u00e0 exprim\u00e9es par l&rsquo;utilisateur lors de sa navigation sur le web.<\/p>\n<p><strong>Cookies de tiers<\/strong><\/p>\n<p>Il s&rsquo;agit de cookies install\u00e9s sur le terminal de l&rsquo;utilisateur lors de sa navigation web par des parties autres que le gestionnaire du site (\u00e9diteur).<\/p>\n<p>Pour ce type de cookies, l&rsquo;utilisateur doit \u00eatre inform\u00e9 de mani\u00e8re ad\u00e9quate de leur utilisation et exprimer ainsi son consentement valable. Comme \u00e9tabli par le Garant, les entreprises qui utilisent des cookies pour profiler l&rsquo;utilisateur, pour des activit\u00e9s de marketing ou de profilage, doivent informer l&rsquo;utilisateur qui acc\u00e8de \u00e0 leur site.<\/p>\n<p>En particulier, lorsqu&rsquo;un internaute acc\u00e8de \u00e0 la page d&rsquo;accueil ou \u00e0 une autre page d&rsquo;un site web, il doit imm\u00e9diatement voir une banni\u00e8re clairement visible indiquant si des cookies sont utilis\u00e9s pour surveiller l&rsquo;utilisateur et lui envoyer des publicit\u00e9s cibl\u00e9es, et si ces donn\u00e9es sont partag\u00e9es avec d&rsquo;autres parties.<\/p>\n<p>En d&rsquo;autres termes, la banni\u00e8re doit indiquer clairement :<\/p>\n<p>1) que le site utilise des cookies de profilage pour envoyer des messages publicitaires cibl\u00e9s ;<\/p>\n<p>2) que le site permet \u00e9galement l&rsquo;envoi de cookies \u00ab\u00a0tiers\u00a0\u00bb, c&rsquo;est-\u00e0-dire de cookies install\u00e9s par un site diff\u00e9rent par le biais du site que vous visitez ;<\/p>\n<p>3) un lien vers une notice d&rsquo;information plus compl\u00e8te, avec des indications sur l&rsquo;utilisation des cookies envoy\u00e9s par le site, o\u00f9 il est possible de refuser le consentement \u00e0 leur installation directement ou en se connectant aux diff\u00e9rents sites dans le cas de cookies \u00ab\u00a0tiers\u00a0\u00bb.<\/p>\n<p>4) l&rsquo;indication qu&rsquo;en poursuivant la navigation (par exemple, en acc\u00e9dant \u00e0 une autre zone du site ou en s\u00e9lectionnant une image ou un lien), le consentement est donn\u00e9 \u00e0 l&rsquo;utilisation des cookies.<\/p>\n<p>En ce qui concerne les cat\u00e9gories et les d\u00e9finitions relatives des cookies mentionn\u00e9es ci-dessus, nous vous informons que ce site<\/p>\n<ol>\n<li>utilise des cookies techniques afin de permettre \u00e0 l&rsquo;utilisateur une utilisation ais\u00e9e du site et une r\u00e9cup\u00e9ration plus facile des informations, en simplifiant la connexion et les transmissions de donn\u00e9es entre l&rsquo;utilisateur et le site ;<\/li>\n<li>n&rsquo;utilise pas de cookies de profilage ou de marketing ;<\/li>\n<li>n&rsquo;autorise pas l&rsquo;envoi de cookies \u00ab\u00a0tiers\u00a0\u00bb.<\/li>\n<\/ol>\n<p>Les cookies techniques n&rsquo;enregistrent aucune information personnelle sur un utilisateur et aucune donn\u00e9e identifiable ne sera stock\u00e9e. Si vous souhaitez d\u00e9sactiver l&rsquo;utilisation des cookies, vous devez personnaliser les param\u00e8tres du navigateur que vous utilisez pour surfer sur le web, en le param\u00e9trant pour qu&rsquo;il supprime tous les cookies ou en activant un message d&rsquo;avertissement lorsque des cookies sont stock\u00e9s. Pour continuer sans modifier l&rsquo;application des cookies, il suffit de poursuivre la navigation.<\/p>\n<p>Veuillez noter que la non-utilisation des cookies techniques peut entra\u00eener des difficult\u00e9s d&rsquo;interaction avec le site et rendre l&rsquo;exp\u00e9rience de navigation moins agr\u00e9able.<\/p>\n<p>Pour plus d&rsquo;informations sur les cookies, vous pouvez consulter la section d\u00e9di\u00e9e sur le site du <a href=\"http:\/\/www.garanteprivacy.it\/cookie\">Garante della Privacy<\/a> .<\/p>\n<p><strong>COOKIES RSForm<\/strong><\/p>\n<ul>\n<li class=\"firstItem\">la fonction COMMENTAIRES n&rsquo;est pas active, il n&rsquo;y a aucune possibilit\u00e9 de faire des commentaires ;<\/li>\n<li>Des identifiants sont attribu\u00e9s aux utilisateurs, et l&rsquo;adresse IP des utilisateurs qui remplissent le formulaire de demande de devis ou d&rsquo;informations est enregistr\u00e9e ;<\/li>\n<li>Les utilisateurs doivent fournir certaines donn\u00e9es utiles \u00e0 des fins commerciales pour un meilleur service \u00e0 l&rsquo;utilisateur ;<\/li>\n<li>les donn\u00e9es saisies :<br \/>Le nom et le pr\u00e9nom de l&rsquo;utilisateur ou le nom de la soci\u00e9t\u00e9, l&rsquo;adresse \u00e9lectronique et le champ de choix de produit sont des champs obligatoires.<br \/>ces donn\u00e9es ne peuvent \u00eatre visibles que par le Super Utilisateur du site, et restent internes \u00e0 la soci\u00e9t\u00e9 SOCOMEC S.p.a.. Via Ferrari 38 43014 Medesano PR T\u00e9l\u00e9phone : +39 0525 420929 e-mail : <a href=\"mailto:info@socomecspa.com\">info@socomecspa.com<\/a><\/li>\n<li class=\"lastItem\">l&rsquo;utilisateur peut demander l&rsquo;annulation \u00e0 tout moment par e-mail : <a href=\"mailto:info@socomecspa.com\">info@socomecspa.com<\/a>.<\/li>\n<\/ul>\n<p><strong> <\/strong><\/p>\n<p><strong>COOKIE CAPTCHA<\/strong><\/p>\n<p>Le Captcha invisible, ou <strong>reCAPTCHA<\/strong> , demande aux utilisateurs finaux de cliquer sur un bouton indiquant \u00ab\u00a0Je ne suis pas un robot\u00a0\u00bb et Google peut d\u00e9terminer s&rsquo;il convient de poser des questions suppl\u00e9mentaires \u00e0 l&rsquo;utilisateur (par exemple, s\u00e9lectionner les images qui d\u00e9crivent le mieux X) pour v\u00e9rifier que cette personne n&rsquo;est pas un robot.<\/p>\n<p><strong>ReCAPTCHA recueille des informations personnelles sur les utilisateurs afin de d\u00e9terminer s&rsquo;ils sont des humains et non des robots<\/strong>.<\/p>\n<p>Tout d&rsquo;abord, l&rsquo;algorithme reCAPTCHA v\u00e9rifie si un cookie Google est pr\u00e9sent sur votre ordinateur. Ensuite, un cookie reCAPTCHA sp\u00e9cifique suppl\u00e9mentaire sera ajout\u00e9 au navigateur de l&rsquo;utilisateur et un instantan\u00e9 complet, pixel par pixel, de la fen\u00eatre du navigateur de l&rsquo;utilisateur \u00e0 ce moment-l\u00e0 sera captur\u00e9.<\/p>\n<p>Parmi les informations relatives au navigateur et \u00e0 l&rsquo;utilisateur qui sont actuellement collect\u00e9es figurent les suivantes :<\/p>\n<ul>\n<li class=\"firstItem\">Tous les cookies plac\u00e9s par Google au cours des 6 derniers mois,<\/li>\n<li>Le nombre de clics de souris que vous avez effectu\u00e9s sur cet \u00e9cran (ou de touchers si vous utilisez un appareil tactile),<\/li>\n<li>Les informations CSS pour cette page,<\/li>\n<li>La date,<\/li>\n<li>La langue dans laquelle le navigateur est configur\u00e9,<\/li>\n<li>Tout plug-in install\u00e9 dans le navigateur, et<\/li>\n<li class=\"lastItem\">Tout objet Javascript<\/li>\n<\/ul>\n<p>C&rsquo;est en raison de cette collecte d&rsquo;informations personnelles que l&rsquo;exigence CAPTCHA est d\u00e9clench\u00e9e et qu&rsquo;une politique de confidentialit\u00e9 est requise lorsque reCAPTCHA est int\u00e9gr\u00e9.<\/p>\n<p><strong>Pour plus d&rsquo;informations<\/strong> <strong><a href=\"https:\/\/policies.google.com\/\">https:\/\/policies.google.com\/<\/a><\/strong><\/p>\n\t\t\t\t\t\t\t\t<\/div>\n\t\t\t\t<\/div>\n\t\t\t\t\t<\/div>\n\t\t<\/div>\n\t\t\t\t\t<\/div>\n\t\t<\/section>\n\t\t\t\t<\/div>\n\t\t","protected":false},"excerpt":{"rendered":"<p>POLITIQUE EN MATI\u00c8RE DE COOKIES Politique en mati\u00e8re de cookies La pr\u00e9sente \u00ab\u00a0Politique en mati\u00e8re de cookies\u00a0\u00bb vise \u00e0 d\u00e9crire la mani\u00e8re dont le site est g\u00e9r\u00e9 en ce qui concerne l&rsquo;utilisation des cookies et le traitement connexe des donn\u00e9es \u00e0 caract\u00e8re personnel des utilisateurs qui le consultent. Les cookies sont de petits \u00e9l\u00e9ments de [&hellip;]<\/p>\n","protected":false},"author":6,"featured_media":0,"parent":0,"menu_order":0,"comment_status":"closed","ping_status":"closed","template":"","meta":{"_acf_changed":false,"footnotes":""},"class_list":["post-4253","page","type-page","status-publish","hentry"],"acf":[],"yoast_head":"<!-- This site is optimized with the Yoast SEO plugin v27.2 - https:\/\/yoast.com\/product\/yoast-seo-wordpress\/ -->\n<title>Politique en mati\u00e8re de cookies - Socomec<\/title>\n<meta name=\"robots\" content=\"index, follow, max-snippet:-1, max-image-preview:large, max-video-preview:-1\" \/>\n<link rel=\"canonical\" href=\"https:\/\/www.socomecspa.com\/fr\/politique-en-matiere-de-cookies\/\" \/>\n<meta property=\"og:locale\" content=\"fr_FR\" \/>\n<meta property=\"og:type\" content=\"article\" \/>\n<meta property=\"og:title\" content=\"Politique en mati\u00e8re de cookies - Socomec\" \/>\n<meta property=\"og:description\" content=\"POLITIQUE EN MATI\u00c8RE DE COOKIES Politique en mati\u00e8re de cookies La pr\u00e9sente \u00ab\u00a0Politique en mati\u00e8re de cookies\u00a0\u00bb vise \u00e0 d\u00e9crire la mani\u00e8re dont le site est g\u00e9r\u00e9 en ce qui concerne l&rsquo;utilisation des cookies et le traitement connexe des donn\u00e9es \u00e0 caract\u00e8re personnel des utilisateurs qui le consultent. Les cookies sont de petits \u00e9l\u00e9ments de [&hellip;]\" \/>\n<meta property=\"og:url\" content=\"https:\/\/www.socomecspa.com\/fr\/politique-en-matiere-de-cookies\/\" \/>\n<meta property=\"og:site_name\" content=\"Socomec\" \/>\n<meta property=\"article:modified_time\" content=\"2021-03-15T10:25:43+00:00\" \/>\n<meta name=\"twitter:card\" content=\"summary_large_image\" \/>\n<meta name=\"twitter:label1\" content=\"Dur\u00e9e de lecture estim\u00e9e\" \/>\n\t<meta name=\"twitter:data1\" content=\"6 minutes\" \/>\n<script type=\"application\/ld+json\" class=\"yoast-schema-graph\">{\"@context\":\"https:\/\/schema.org\",\"@graph\":[{\"@type\":\"WebPage\",\"@id\":\"https:\/\/www.socomecspa.com\/fr\/politique-en-matiere-de-cookies\/\",\"url\":\"https:\/\/www.socomecspa.com\/fr\/politique-en-matiere-de-cookies\/\",\"name\":\"Politique en mati\u00e8re de cookies - Socomec\",\"isPartOf\":{\"@id\":\"https:\/\/www.socomecspa.com\/fr\/#website\"},\"datePublished\":\"2021-03-08T09:47:36+00:00\",\"dateModified\":\"2021-03-15T10:25:43+00:00\",\"breadcrumb\":{\"@id\":\"https:\/\/www.socomecspa.com\/fr\/politique-en-matiere-de-cookies\/#breadcrumb\"},\"inLanguage\":\"fr-FR\",\"potentialAction\":[{\"@type\":\"ReadAction\",\"target\":[\"https:\/\/www.socomecspa.com\/fr\/politique-en-matiere-de-cookies\/\"]}]},{\"@type\":\"BreadcrumbList\",\"@id\":\"https:\/\/www.socomecspa.com\/fr\/politique-en-matiere-de-cookies\/#breadcrumb\",\"itemListElement\":[{\"@type\":\"ListItem\",\"position\":1,\"name\":\"Home\",\"item\":\"https:\/\/www.socomecspa.com\/fr\/home\/\"},{\"@type\":\"ListItem\",\"position\":2,\"name\":\"Politique en mati\u00e8re de cookies\"}]},{\"@type\":\"WebSite\",\"@id\":\"https:\/\/www.socomecspa.com\/fr\/#website\",\"url\":\"https:\/\/www.socomecspa.com\/fr\/\",\"name\":\"Socomec\",\"description\":\"\",\"publisher\":{\"@id\":\"https:\/\/www.socomecspa.com\/fr\/#organization\"},\"potentialAction\":[{\"@type\":\"SearchAction\",\"target\":{\"@type\":\"EntryPoint\",\"urlTemplate\":\"https:\/\/www.socomecspa.com\/fr\/?s={search_term_string}\"},\"query-input\":{\"@type\":\"PropertyValueSpecification\",\"valueRequired\":true,\"valueName\":\"search_term_string\"}}],\"inLanguage\":\"fr-FR\"},{\"@type\":\"Organization\",\"@id\":\"https:\/\/www.socomecspa.com\/fr\/#organization\",\"name\":\"Socomec\",\"url\":\"https:\/\/www.socomecspa.com\/fr\/\",\"logo\":{\"@type\":\"ImageObject\",\"inLanguage\":\"fr-FR\",\"@id\":\"https:\/\/www.socomecspa.com\/fr\/#\/schema\/logo\/image\/\",\"url\":\"https:\/\/www.socomecspa.com\/wp-content\/uploads\/2020\/10\/socomec-logo.png\",\"contentUrl\":\"https:\/\/www.socomecspa.com\/wp-content\/uploads\/2020\/10\/socomec-logo.png\",\"width\":200,\"height\":114,\"caption\":\"Socomec\"},\"image\":{\"@id\":\"https:\/\/www.socomecspa.com\/fr\/#\/schema\/logo\/image\/\"}}]}<\/script>\n<!-- \/ Yoast SEO plugin. -->","yoast_head_json":{"title":"Politique en mati\u00e8re de cookies - Socomec","robots":{"index":"index","follow":"follow","max-snippet":"max-snippet:-1","max-image-preview":"max-image-preview:large","max-video-preview":"max-video-preview:-1"},"canonical":"https:\/\/www.socomecspa.com\/fr\/politique-en-matiere-de-cookies\/","og_locale":"fr_FR","og_type":"article","og_title":"Politique en mati\u00e8re de cookies - Socomec","og_description":"POLITIQUE EN MATI\u00c8RE DE COOKIES Politique en mati\u00e8re de cookies La pr\u00e9sente \u00ab\u00a0Politique en mati\u00e8re de cookies\u00a0\u00bb vise \u00e0 d\u00e9crire la mani\u00e8re dont le site est g\u00e9r\u00e9 en ce qui concerne l&rsquo;utilisation des cookies et le traitement connexe des donn\u00e9es \u00e0 caract\u00e8re personnel des utilisateurs qui le consultent. Les cookies sont de petits \u00e9l\u00e9ments de [&hellip;]","og_url":"https:\/\/www.socomecspa.com\/fr\/politique-en-matiere-de-cookies\/","og_site_name":"Socomec","article_modified_time":"2021-03-15T10:25:43+00:00","twitter_card":"summary_large_image","twitter_misc":{"Dur\u00e9e de lecture estim\u00e9e":"6 minutes"},"schema":{"@context":"https:\/\/schema.org","@graph":[{"@type":"WebPage","@id":"https:\/\/www.socomecspa.com\/fr\/politique-en-matiere-de-cookies\/","url":"https:\/\/www.socomecspa.com\/fr\/politique-en-matiere-de-cookies\/","name":"Politique en mati\u00e8re de cookies - Socomec","isPartOf":{"@id":"https:\/\/www.socomecspa.com\/fr\/#website"},"datePublished":"2021-03-08T09:47:36+00:00","dateModified":"2021-03-15T10:25:43+00:00","breadcrumb":{"@id":"https:\/\/www.socomecspa.com\/fr\/politique-en-matiere-de-cookies\/#breadcrumb"},"inLanguage":"fr-FR","potentialAction":[{"@type":"ReadAction","target":["https:\/\/www.socomecspa.com\/fr\/politique-en-matiere-de-cookies\/"]}]},{"@type":"BreadcrumbList","@id":"https:\/\/www.socomecspa.com\/fr\/politique-en-matiere-de-cookies\/#breadcrumb","itemListElement":[{"@type":"ListItem","position":1,"name":"Home","item":"https:\/\/www.socomecspa.com\/fr\/home\/"},{"@type":"ListItem","position":2,"name":"Politique en mati\u00e8re de cookies"}]},{"@type":"WebSite","@id":"https:\/\/www.socomecspa.com\/fr\/#website","url":"https:\/\/www.socomecspa.com\/fr\/","name":"Socomec","description":"","publisher":{"@id":"https:\/\/www.socomecspa.com\/fr\/#organization"},"potentialAction":[{"@type":"SearchAction","target":{"@type":"EntryPoint","urlTemplate":"https:\/\/www.socomecspa.com\/fr\/?s={search_term_string}"},"query-input":{"@type":"PropertyValueSpecification","valueRequired":true,"valueName":"search_term_string"}}],"inLanguage":"fr-FR"},{"@type":"Organization","@id":"https:\/\/www.socomecspa.com\/fr\/#organization","name":"Socomec","url":"https:\/\/www.socomecspa.com\/fr\/","logo":{"@type":"ImageObject","inLanguage":"fr-FR","@id":"https:\/\/www.socomecspa.com\/fr\/#\/schema\/logo\/image\/","url":"https:\/\/www.socomecspa.com\/wp-content\/uploads\/2020\/10\/socomec-logo.png","contentUrl":"https:\/\/www.socomecspa.com\/wp-content\/uploads\/2020\/10\/socomec-logo.png","width":200,"height":114,"caption":"Socomec"},"image":{"@id":"https:\/\/www.socomecspa.com\/fr\/#\/schema\/logo\/image\/"}}]}},"_links":{"self":[{"href":"https:\/\/www.socomecspa.com\/fr\/wp-json\/wp\/v2\/pages\/4253","targetHints":{"allow":["GET"]}}],"collection":[{"href":"https:\/\/www.socomecspa.com\/fr\/wp-json\/wp\/v2\/pages"}],"about":[{"href":"https:\/\/www.socomecspa.com\/fr\/wp-json\/wp\/v2\/types\/page"}],"author":[{"embeddable":true,"href":"https:\/\/www.socomecspa.com\/fr\/wp-json\/wp\/v2\/users\/6"}],"replies":[{"embeddable":true,"href":"https:\/\/www.socomecspa.com\/fr\/wp-json\/wp\/v2\/comments?post=4253"}],"version-history":[{"count":0,"href":"https:\/\/www.socomecspa.com\/fr\/wp-json\/wp\/v2\/pages\/4253\/revisions"}],"wp:attachment":[{"href":"https:\/\/www.socomecspa.com\/fr\/wp-json\/wp\/v2\/media?parent=4253"}],"curies":[{"name":"wp","href":"https:\/\/api.w.org\/{rel}","templated":true}]}}