{"id":4249,"date":"2021-03-05T13:38:46","date_gmt":"2021-03-05T13:38:46","guid":{"rendered":"https:\/\/www.socomecspa.com\/politique-de-confidentialite\/"},"modified":"2021-03-15T10:18:57","modified_gmt":"2021-03-15T10:18:57","slug":"politique-de-confidentialite","status":"publish","type":"page","link":"https:\/\/www.socomecspa.com\/fr\/politique-de-confidentialite\/","title":{"rendered":"Politique de confidentialit\u00e9"},"content":{"rendered":"\t\t<div data-elementor-type=\"wp-page\" data-elementor-id=\"4249\" class=\"elementor elementor-4249\" data-elementor-post-type=\"page\">\n\t\t\t\t\t\t<section class=\"elementor-section elementor-top-section elementor-element elementor-element-33ccafe elementor-section-boxed elementor-section-height-default elementor-section-height-default\" data-id=\"33ccafe\" data-element_type=\"section\" data-e-type=\"section\">\n\t\t\t\t\t\t<div class=\"elementor-container elementor-column-gap-default\">\n\t\t\t\t\t<div class=\"elementor-column elementor-col-100 elementor-top-column elementor-element elementor-element-314b1ce\" data-id=\"314b1ce\" data-element_type=\"column\" data-e-type=\"column\">\n\t\t\t<div class=\"elementor-widget-wrap elementor-element-populated\">\n\t\t\t\t\t\t<div class=\"elementor-element elementor-element-377489b elementor-widget elementor-widget-heading\" data-id=\"377489b\" data-element_type=\"widget\" data-e-type=\"widget\" data-widget_type=\"heading.default\">\n\t\t\t\t<div class=\"elementor-widget-container\">\n\t\t\t\t\t<h1 class=\"elementor-heading-title elementor-size-default\">POLITIQUE DE CONFIDENTIALIT\u00c9<\/h1>\t\t\t\t<\/div>\n\t\t\t\t<\/div>\n\t\t\t\t<div class=\"elementor-element elementor-element-edbdfef elementor-widget elementor-widget-heading\" data-id=\"edbdfef\" data-element_type=\"widget\" data-e-type=\"widget\" data-widget_type=\"heading.default\">\n\t\t\t\t<div class=\"elementor-widget-container\">\n\t\t\t\t\t<h3 class=\"elementor-heading-title elementor-size-default\">INFORMATIONS SUR LE TRAITEMENT DES DONN\u00c9ES PERSONNELLES<\/h3>\t\t\t\t<\/div>\n\t\t\t\t<\/div>\n\t\t\t\t<div class=\"elementor-element elementor-element-01f1f64 elementor-widget elementor-widget-text-editor\" data-id=\"01f1f64\" data-element_type=\"widget\" data-e-type=\"widget\" data-widget_type=\"text-editor.default\">\n\t\t\t\t<div class=\"elementor-widget-container\">\n\t\t\t\t\t\t\t\t\t<header class=\"item_header\">\n<h3 class=\"item_title heading-style-3 visible-first\"><strong style=\"font-size: 16px;\">(conform\u00e9ment aux articles 13 et 14 du r\u00e8glement de l&rsquo;UE n\u00b0 679\/2016).<\/strong><\/h3>\n<\/header>\n<div class=\"item_fulltext\">\n<p>Cette page d\u00e9crit les m\u00e9thodes et les logiques de traitement des donn\u00e9es personnelles des utilisateurs (ci-apr\u00e8s, \u00e9galement les \u00ab\u00a0Utilisateurs\u00a0\u00bb) qui consultent le site web www.socomecspa.com (ci-apr\u00e8s, \u00e9galement le \u00ab\u00a0Site web\u00a0\u00bb) en r\u00e9f\u00e9rence au traitement des donn\u00e9es personnelles des utilisateurs qui le consultent.<\/p>\n<p>Le site web de SOCOMEC S.p.a. Via Ferrari 38 43014 Medesano PR T\u00e9l\u00e9phone : +39 0525 420929 e-mail : <a href=\"mailto:info@socomecspa.com\">info@socomecspa.com<\/a>, depuis sa conception, entend assurer le respect des principes consacr\u00e9s par le r\u00e8glement de l&rsquo;UE n\u00b0 2016\/679 relatif \u00e0 la protection des personnes physiques, notamment en ce qui concerne le traitement des donn\u00e9es \u00e0 caract\u00e8re personnel et la libre circulation de ces donn\u00e9es.<\/p>\n<p>Ces informations sont fournies uniquement pour le Site et non pour d&rsquo;autres sites web qui peuvent \u00eatre consult\u00e9s par l&rsquo;utilisateur par le biais de liens.<\/p>\n<p><strong>Identit\u00e9 et coordonn\u00e9es du contr\u00f4leur des donn\u00e9es<\/strong><\/p>\n<p>Le responsable du traitement des donn\u00e9es personnelles relatives aux utilisateurs est le contr\u00f4leur de donn\u00e9es SOCOMEC S.p.a. Via Ferrari 38 43014 Medesano PR T\u00e9l\u00e9phone : +39 0525 420929 e-mail : <a href=\"mailto:info@socomecspa.com.\">info@socomecspa.com<\/a>.<\/p>\n<p><strong>Objectif du traitement et base juridique<\/strong><\/p>\n<p>Les donn\u00e9es personnelles seront trait\u00e9es en relation avec les services offerts par le Propri\u00e9taire \u00e0 travers son site web, exclusivement dans le but d&rsquo;ex\u00e9cuter le service ou la prestation demand\u00e9e ou pour les accomplissements requis par les lois ou les r\u00e8glements. Dans le cadre de ces finalit\u00e9s, le traitement concerne \u00e9galement les donn\u00e9es relatives aux abonnements\/inscriptions au site internet n\u00e9cessaires \u00e0 la gestion des relations avec le Propri\u00e9taire, ainsi que pour permettre une communication efficace et pour respecter toute obligation l\u00e9gale, r\u00e9glementaire ou contractuelle.<\/p>\n<p><strong>Lieu et m\u00e9thodes de traitement<\/strong><\/p>\n<p>Les op\u00e9rations de traitement li\u00e9es aux services web de ce site ont lieu au si\u00e8ge du Propri\u00e9taire et sont effectu\u00e9es uniquement par du personnel technique autoris\u00e9.<\/p>\n<p>Des mesures de s\u00e9curit\u00e9 techniques et organisationnelles sp\u00e9cifiques sont observ\u00e9es pour pr\u00e9venir la perte de donn\u00e9es, l&rsquo;utilisation ill\u00e9gale ou incorrecte et l&rsquo;acc\u00e8s non autoris\u00e9. Les donn\u00e9es ne peuvent \u00eatre trait\u00e9es que par le personnel autoris\u00e9, selon les principes d&rsquo;exactitude, de lic\u00e9it\u00e9, de transparence, de pertinence et sans d\u00e9passer les objectifs de la collecte et du traitement ult\u00e9rieur.<\/p>\n<p>Les donn\u00e9es personnelles des utilisateurs qui demandent des documents ou du mat\u00e9riel d&rsquo;information (bulletins d&rsquo;information, r\u00e9ponses aux questions, etc.) ne sont utilis\u00e9es que pour ex\u00e9cuter le service ou la prestation demand\u00e9e et ne font l&rsquo;objet d&rsquo;aucune cession ou diffusion.<\/p>\n<p>L&rsquo;utilisation de traitements automatis\u00e9s ou de processus d\u00e9cisionnels automatis\u00e9s ou visant \u00e0 profiler l&rsquo;utilisateur du Site n&rsquo;est pas envisag\u00e9e.<\/p>\n<p><strong>Type de donn\u00e9es trait\u00e9es et destinataires<\/strong><\/p>\n<p>Les cat\u00e9gories de donn\u00e9es trait\u00e9es ainsi que les cat\u00e9gories de destinataires auxquels les donn\u00e9es se r\u00e9f\u00e8rent sont r\u00e9pertori\u00e9es dans le registre des activit\u00e9s de traitement disponible au si\u00e8ge du Responsable du traitement.<\/p>\n<p><strong>Dur\u00e9e de conservation<\/strong><\/p>\n<p>Les donn\u00e9es seront conserv\u00e9es pendant une dur\u00e9e n&rsquo;exc\u00e9dant pas la r\u00e9alisation des finalit\u00e9s susmentionn\u00e9es (\u00abprincipe de limitation de la conservation\u00bb, article 5 du r\u00e8glement UE n \u00b0 2016\/679) ou sur la base des d\u00e9lais fix\u00e9s par la loi.<\/p>\n<p><strong>Transfert de donn\u00e9es \u00e0 l&rsquo;\u00e9tranger<\/strong><\/p>\n<p>Les donn\u00e9es ne sont pas transf\u00e9r\u00e9es vers un pays tiers en dehors de l&rsquo;Union europ\u00e9enne ou vers des organisations internationales.<\/p>\n<p><strong>Droits de l&rsquo;int\u00e9ress\u00e9<\/strong><\/p>\n<p>Conform\u00e9ment \u00e0 l&rsquo;art. 15 e art. du R\u00e8glement, l&rsquo;int\u00e9ress\u00e9 a le droit de demander au Responsable du traitement :<\/p>\n<ul>\n<li class=\"firstItem\">acc\u00e8s \u00e0 leurs donn\u00e9es personnelles ;<\/li>\n<li>la correction ou l&rsquo;annulation de celui-ci ou la limitation du traitement qui le concerne ;<\/li>\n<li>l&rsquo;opposition au traitement ;<\/li>\n<li>la portabilit\u00e9 des donn\u00e9es aux termes de l&rsquo;art. 20 pr\u00e9cit\u00e9 ;<\/li>\n<li class=\"lastItem\">lorsque le traitement est fond\u00e9 sur l&rsquo;article 6, paragraphe 1, point a), ou l&rsquo;article 9, paragraphe 2, point a), cit. le retrait du consentement \u00e0 tout moment sans que cela n&rsquo;affecte la lic\u00e9it\u00e9 du traitement fond\u00e9 sur le consentement donn\u00e9 avant le retrait.<\/li>\n<\/ul>\n<p>Sans pr\u00e9judice de tout autre recours administratif ou judiciaire, une personne concern\u00e9e qui consid\u00e8re que le traitement la concernant est en violation du GDPR a le droit d&rsquo;introduire une r\u00e9clamation aupr\u00e8s d&rsquo;une autorit\u00e9 de contr\u00f4le, \u00e0 savoir dans l&rsquo;\u00c9tat membre dans lequel elle r\u00e9side ou travaille normalement ou dans le lieu o\u00f9 la violation pr\u00e9sum\u00e9e s&rsquo;est produite conform\u00e9ment \u00e0 l&rsquo;article 77 cit\u00e9 ci-dessus (l&rsquo;autorit\u00e9 de contr\u00f4le italienne est le Garante pour la protection des donn\u00e9es personnelles).<\/p>\n<p>Pour exercer les droits susmentionn\u00e9s, l&rsquo;int\u00e9ress\u00e9 peut s&rsquo;adresser au contr\u00f4leur des donn\u00e9es SOCOMEC S.p.a. Via Ferrari 38 43014 Medesano PR T\u00e9l\u00e9phone : +39 0525 420929 e-mail : <a href=\"mailto:info@socomecspa.com.\">info@socomecspa.com<\/a>.<\/p>\n<p><strong>Mises \u00e0 jour<\/strong><\/p>\n<p>La politique de confidentialit\u00e9 de ce site est sujette \u00e0 des mises \u00e0 jour ; les utilisateurs sont donc invit\u00e9s \u00e0 en v\u00e9rifier p\u00e9riodiquement le contenu.<\/p>\n<\/div>\n\t\t\t\t\t\t\t\t<\/div>\n\t\t\t\t<\/div>\n\t\t\t\t\t<\/div>\n\t\t<\/div>\n\t\t\t\t\t<\/div>\n\t\t<\/section>\n\t\t\t\t<\/div>\n\t\t","protected":false},"excerpt":{"rendered":"<p>POLITIQUE DE CONFIDENTIALIT\u00c9 INFORMATIONS SUR LE TRAITEMENT DES DONN\u00c9ES PERSONNELLES (conform\u00e9ment aux articles 13 et 14 du r\u00e8glement de l&rsquo;UE n\u00b0 679\/2016). Cette page d\u00e9crit les m\u00e9thodes et les logiques de traitement des donn\u00e9es personnelles des utilisateurs (ci-apr\u00e8s, \u00e9galement les \u00ab\u00a0Utilisateurs\u00a0\u00bb) qui consultent le site web www.socomecspa.com (ci-apr\u00e8s, \u00e9galement le \u00ab\u00a0Site web\u00a0\u00bb) en r\u00e9f\u00e9rence au [&hellip;]<\/p>\n","protected":false},"author":6,"featured_media":0,"parent":0,"menu_order":0,"comment_status":"closed","ping_status":"closed","template":"elementor_theme","meta":{"_acf_changed":false,"footnotes":""},"class_list":["post-4249","page","type-page","status-publish","hentry"],"acf":[],"yoast_head":"<!-- This site is optimized with the Yoast SEO plugin v27.2 - https:\/\/yoast.com\/product\/yoast-seo-wordpress\/ -->\n<title>Politique de confidentialit\u00e9 - Socomec<\/title>\n<meta name=\"robots\" content=\"index, follow, max-snippet:-1, max-image-preview:large, max-video-preview:-1\" \/>\n<link rel=\"canonical\" href=\"https:\/\/www.socomecspa.com\/fr\/politique-de-confidentialite\/\" \/>\n<meta property=\"og:locale\" content=\"fr_FR\" \/>\n<meta property=\"og:type\" content=\"article\" \/>\n<meta property=\"og:title\" content=\"Politique de confidentialit\u00e9 - Socomec\" \/>\n<meta property=\"og:description\" content=\"POLITIQUE DE CONFIDENTIALIT\u00c9 INFORMATIONS SUR LE TRAITEMENT DES DONN\u00c9ES PERSONNELLES (conform\u00e9ment aux articles 13 et 14 du r\u00e8glement de l&rsquo;UE n\u00b0 679\/2016). Cette page d\u00e9crit les m\u00e9thodes et les logiques de traitement des donn\u00e9es personnelles des utilisateurs (ci-apr\u00e8s, \u00e9galement les \u00ab\u00a0Utilisateurs\u00a0\u00bb) qui consultent le site web www.socomecspa.com (ci-apr\u00e8s, \u00e9galement le \u00ab\u00a0Site web\u00a0\u00bb) en r\u00e9f\u00e9rence au [&hellip;]\" \/>\n<meta property=\"og:url\" content=\"https:\/\/www.socomecspa.com\/fr\/politique-de-confidentialite\/\" \/>\n<meta property=\"og:site_name\" content=\"Socomec\" \/>\n<meta property=\"article:modified_time\" content=\"2021-03-15T10:18:57+00:00\" \/>\n<meta name=\"twitter:card\" content=\"summary_large_image\" \/>\n<meta name=\"twitter:label1\" content=\"Dur\u00e9e de lecture estim\u00e9e\" \/>\n\t<meta name=\"twitter:data1\" content=\"4 minutes\" \/>\n<script type=\"application\/ld+json\" class=\"yoast-schema-graph\">{\"@context\":\"https:\/\/schema.org\",\"@graph\":[{\"@type\":\"WebPage\",\"@id\":\"https:\/\/www.socomecspa.com\/fr\/politique-de-confidentialite\/\",\"url\":\"https:\/\/www.socomecspa.com\/fr\/politique-de-confidentialite\/\",\"name\":\"Politique de confidentialit\u00e9 - Socomec\",\"isPartOf\":{\"@id\":\"https:\/\/www.socomecspa.com\/fr\/#website\"},\"datePublished\":\"2021-03-05T13:38:46+00:00\",\"dateModified\":\"2021-03-15T10:18:57+00:00\",\"breadcrumb\":{\"@id\":\"https:\/\/www.socomecspa.com\/fr\/politique-de-confidentialite\/#breadcrumb\"},\"inLanguage\":\"fr-FR\",\"potentialAction\":[{\"@type\":\"ReadAction\",\"target\":[\"https:\/\/www.socomecspa.com\/fr\/politique-de-confidentialite\/\"]}]},{\"@type\":\"BreadcrumbList\",\"@id\":\"https:\/\/www.socomecspa.com\/fr\/politique-de-confidentialite\/#breadcrumb\",\"itemListElement\":[{\"@type\":\"ListItem\",\"position\":1,\"name\":\"Home\",\"item\":\"https:\/\/www.socomecspa.com\/fr\/home\/\"},{\"@type\":\"ListItem\",\"position\":2,\"name\":\"Politique de confidentialit\u00e9\"}]},{\"@type\":\"WebSite\",\"@id\":\"https:\/\/www.socomecspa.com\/fr\/#website\",\"url\":\"https:\/\/www.socomecspa.com\/fr\/\",\"name\":\"Socomec\",\"description\":\"\",\"publisher\":{\"@id\":\"https:\/\/www.socomecspa.com\/fr\/#organization\"},\"potentialAction\":[{\"@type\":\"SearchAction\",\"target\":{\"@type\":\"EntryPoint\",\"urlTemplate\":\"https:\/\/www.socomecspa.com\/fr\/?s={search_term_string}\"},\"query-input\":{\"@type\":\"PropertyValueSpecification\",\"valueRequired\":true,\"valueName\":\"search_term_string\"}}],\"inLanguage\":\"fr-FR\"},{\"@type\":\"Organization\",\"@id\":\"https:\/\/www.socomecspa.com\/fr\/#organization\",\"name\":\"Socomec\",\"url\":\"https:\/\/www.socomecspa.com\/fr\/\",\"logo\":{\"@type\":\"ImageObject\",\"inLanguage\":\"fr-FR\",\"@id\":\"https:\/\/www.socomecspa.com\/fr\/#\/schema\/logo\/image\/\",\"url\":\"https:\/\/www.socomecspa.com\/wp-content\/uploads\/2020\/10\/socomec-logo.png\",\"contentUrl\":\"https:\/\/www.socomecspa.com\/wp-content\/uploads\/2020\/10\/socomec-logo.png\",\"width\":200,\"height\":114,\"caption\":\"Socomec\"},\"image\":{\"@id\":\"https:\/\/www.socomecspa.com\/fr\/#\/schema\/logo\/image\/\"}}]}<\/script>\n<!-- \/ Yoast SEO plugin. -->","yoast_head_json":{"title":"Politique de confidentialit\u00e9 - Socomec","robots":{"index":"index","follow":"follow","max-snippet":"max-snippet:-1","max-image-preview":"max-image-preview:large","max-video-preview":"max-video-preview:-1"},"canonical":"https:\/\/www.socomecspa.com\/fr\/politique-de-confidentialite\/","og_locale":"fr_FR","og_type":"article","og_title":"Politique de confidentialit\u00e9 - Socomec","og_description":"POLITIQUE DE CONFIDENTIALIT\u00c9 INFORMATIONS SUR LE TRAITEMENT DES DONN\u00c9ES PERSONNELLES (conform\u00e9ment aux articles 13 et 14 du r\u00e8glement de l&rsquo;UE n\u00b0 679\/2016). Cette page d\u00e9crit les m\u00e9thodes et les logiques de traitement des donn\u00e9es personnelles des utilisateurs (ci-apr\u00e8s, \u00e9galement les \u00ab\u00a0Utilisateurs\u00a0\u00bb) qui consultent le site web www.socomecspa.com (ci-apr\u00e8s, \u00e9galement le \u00ab\u00a0Site web\u00a0\u00bb) en r\u00e9f\u00e9rence au [&hellip;]","og_url":"https:\/\/www.socomecspa.com\/fr\/politique-de-confidentialite\/","og_site_name":"Socomec","article_modified_time":"2021-03-15T10:18:57+00:00","twitter_card":"summary_large_image","twitter_misc":{"Dur\u00e9e de lecture estim\u00e9e":"4 minutes"},"schema":{"@context":"https:\/\/schema.org","@graph":[{"@type":"WebPage","@id":"https:\/\/www.socomecspa.com\/fr\/politique-de-confidentialite\/","url":"https:\/\/www.socomecspa.com\/fr\/politique-de-confidentialite\/","name":"Politique de confidentialit\u00e9 - Socomec","isPartOf":{"@id":"https:\/\/www.socomecspa.com\/fr\/#website"},"datePublished":"2021-03-05T13:38:46+00:00","dateModified":"2021-03-15T10:18:57+00:00","breadcrumb":{"@id":"https:\/\/www.socomecspa.com\/fr\/politique-de-confidentialite\/#breadcrumb"},"inLanguage":"fr-FR","potentialAction":[{"@type":"ReadAction","target":["https:\/\/www.socomecspa.com\/fr\/politique-de-confidentialite\/"]}]},{"@type":"BreadcrumbList","@id":"https:\/\/www.socomecspa.com\/fr\/politique-de-confidentialite\/#breadcrumb","itemListElement":[{"@type":"ListItem","position":1,"name":"Home","item":"https:\/\/www.socomecspa.com\/fr\/home\/"},{"@type":"ListItem","position":2,"name":"Politique de confidentialit\u00e9"}]},{"@type":"WebSite","@id":"https:\/\/www.socomecspa.com\/fr\/#website","url":"https:\/\/www.socomecspa.com\/fr\/","name":"Socomec","description":"","publisher":{"@id":"https:\/\/www.socomecspa.com\/fr\/#organization"},"potentialAction":[{"@type":"SearchAction","target":{"@type":"EntryPoint","urlTemplate":"https:\/\/www.socomecspa.com\/fr\/?s={search_term_string}"},"query-input":{"@type":"PropertyValueSpecification","valueRequired":true,"valueName":"search_term_string"}}],"inLanguage":"fr-FR"},{"@type":"Organization","@id":"https:\/\/www.socomecspa.com\/fr\/#organization","name":"Socomec","url":"https:\/\/www.socomecspa.com\/fr\/","logo":{"@type":"ImageObject","inLanguage":"fr-FR","@id":"https:\/\/www.socomecspa.com\/fr\/#\/schema\/logo\/image\/","url":"https:\/\/www.socomecspa.com\/wp-content\/uploads\/2020\/10\/socomec-logo.png","contentUrl":"https:\/\/www.socomecspa.com\/wp-content\/uploads\/2020\/10\/socomec-logo.png","width":200,"height":114,"caption":"Socomec"},"image":{"@id":"https:\/\/www.socomecspa.com\/fr\/#\/schema\/logo\/image\/"}}]}},"_links":{"self":[{"href":"https:\/\/www.socomecspa.com\/fr\/wp-json\/wp\/v2\/pages\/4249","targetHints":{"allow":["GET"]}}],"collection":[{"href":"https:\/\/www.socomecspa.com\/fr\/wp-json\/wp\/v2\/pages"}],"about":[{"href":"https:\/\/www.socomecspa.com\/fr\/wp-json\/wp\/v2\/types\/page"}],"author":[{"embeddable":true,"href":"https:\/\/www.socomecspa.com\/fr\/wp-json\/wp\/v2\/users\/6"}],"replies":[{"embeddable":true,"href":"https:\/\/www.socomecspa.com\/fr\/wp-json\/wp\/v2\/comments?post=4249"}],"version-history":[{"count":0,"href":"https:\/\/www.socomecspa.com\/fr\/wp-json\/wp\/v2\/pages\/4249\/revisions"}],"wp:attachment":[{"href":"https:\/\/www.socomecspa.com\/fr\/wp-json\/wp\/v2\/media?parent=4249"}],"curies":[{"name":"wp","href":"https:\/\/api.w.org\/{rel}","templated":true}]}}